{"id":9616,"date":"2025-12-12T12:20:21","date_gmt":"2025-12-12T09:20:21","guid":{"rendered":"https:\/\/basaranhali.com.tr\/?page_id=9616"},"modified":"2025-12-12T12:42:11","modified_gmt":"2025-12-12T09:42:11","slug":"kvkk","status":"publish","type":"page","link":"https:\/\/basaranhali.com.tr\/ru\/kvkk\/","title":{"rendered":"\u0417\u0430\u0449\u0438\u0442\u0430 \u043f\u0435\u0440\u0441\u043e\u043d\u0430\u043b\u044c\u043d\u044b\u0445 \u0434\u0430\u043d\u043d\u044b\u0445"},"content":{"rendered":"<div data-elementor-type=\"wp-page\" data-elementor-id=\"9616\" class=\"elementor elementor-9616\">\n\t\t\t\t<div class=\"elementor-element elementor-element-777ff17 e-flex e-con-boxed pxl-column-none e-con e-parent\" data-id=\"777ff17\" data-element_type=\"container\">\t\t\t<div class=\"e-con-inner\">\r\n\t\t\t\t<div class=\"elementor-element elementor-element-74d3516 elementor-widget elementor-widget-pxl_text_editor\" data-id=\"74d3516\" data-element_type=\"widget\" data-widget_type=\"pxl_text_editor.default\">\n\t\t\t\t<div class=\"elementor-widget-container\">\n\t\t\t\t\t<div class=\"pxl-text-editor\">\n\t<div class=\"pxl-item--inner\" data-wow-delay=\"ms\">\n\t\t<p>1. \u041b\u0418\u0427\u041d\u041e\u0421\u0422\u042c \u041a\u041e\u041d\u0422\u0420\u041e\u041b\u0415\u0420\u0410 \u0414\u0410\u041d\u041d\u042b\u0425<\/p><p>BA\u015eARAN HALI TEKST\u0130L SANAY\u0130 VE T\u0130CARET L\u0130M\u0130TED \u015e\u0130RKET\u0130 \u0432\u044b\u0441\u0442\u0443\u043f\u0430\u0435\u0442 \u0432 \u043a\u0430\u0447\u0435\u0441\u0442\u0432\u0435 \u201c\u041a\u043e\u043d\u0442\u0440\u043e\u043b\u043b\u0435\u0440\u0430 \u0434\u0430\u043d\u043d\u044b\u0445\u201d \u0432 \u0440\u0430\u043c\u043a\u0430\u0445 \u0417\u0430\u043a\u043e\u043d\u0430 \u043e \u0437\u0430\u0449\u0438\u0442\u0435 \u043f\u0435\u0440\u0441\u043e\u043d\u0430\u043b\u044c\u043d\u044b\u0445 \u0434\u0430\u043d\u043d\u044b\u0445 \u2116 6698 (\u201cKVKK\u201d).<br \/>\u0412\u044b \u043c\u043e\u0436\u0435\u0442\u0435 \u0441\u0432\u044f\u0437\u0430\u0442\u044c\u0441\u044f \u0441 \u043d\u0430\u043c\u0438 \u043f\u043e \u0443\u043a\u0430\u0437\u0430\u043d\u043d\u044b\u043c \u043d\u0438\u0436\u0435 \u043a\u043e\u043d\u0442\u0430\u043a\u0442\u043d\u044b\u043c \u0434\u0430\u043d\u043d\u044b\u043c:<\/p><p>\u0422\u043e\u0440\u0433\u043e\u0432\u043e\u0435 \u043d\u0430\u0437\u0432\u0430\u043d\u0438\u0435:<br \/>\u041a\u041e\u041c\u041f\u0410\u041d\u0418\u042f \u0421 \u041e\u0413\u0420\u0410\u041d\u0418\u0427\u0415\u041d\u041d\u041e\u0419 \u041e\u0422\u0412\u0415\u0422\u0421\u0422\u0412\u0415\u041d\u041d\u041e\u0421\u0422\u042c\u042e \"\u0411\u0410\u0428\u0410\u0420\u0410\u041d \u041a\u041e\u0412\u0420\u041e\u0412\u0410\u042f \u0422\u0415\u041a\u0421\u0422\u0418\u041b\u042c\u041d\u0410\u042f \u041f\u0420\u041e\u041c\u042b\u0428\u041b\u0415\u041d\u041d\u041e\u0421\u0422\u042c \u0418 \u0422\u041e\u0420\u0413\u041e\u0412\u041b\u042f<\/p><p>\u0410\u0434\u0440\u0435\u0441:<br \/>4-\u044f \u043e\u0440\u0433\u0430\u043d\u0438\u0437\u043e\u0432\u0430\u043d\u043d\u0430\u044f \u043f\u0440\u043e\u043c\u044b\u0448\u043b\u0435\u043d\u043d\u0430\u044f \u0437\u043e\u043d\u0430 83403 \u0423\u043b\u0438\u0446\u0430 \u21164<br \/>\u015eehitkamil \/ \u0413\u0430\u0437\u0438\u0430\u043d\u0442\u0435\u043f<\/p><p>\u0422\u0435\u043b\u0435\u0444\u043e\u043d:<br \/>+90 (342) 357 04 04<\/p><p>MERSIS No:<br \/>0146006227500014<\/p><p>\u0422\u043e\u0440\u0433\u043e\u0432\u044b\u0439 \u0440\u0435\u0435\u0441\u0442\u0440 \u2116:<br \/>18819<\/p><p>\u042d\u043b\u0435\u043a\u0442\u0440\u043e\u043d\u043d\u0430\u044f \u043f\u043e\u0447\u0442\u0430:<br \/>kvkk@basaranhali.com.tr<\/p><p>\u0412\u0435\u0431-\u0441\u0430\u0439\u0442:<br \/>www.basaranhali.com.tr<\/p><p>2. \u041f\u041e\u042f\u0421\u041d\u0418\u0422\u0415\u041b\u042c\u041d\u042b\u0419 \u0422\u0415\u041a\u0421\u0422 \u041f\u041e \u041e\u0411\u0420\u0410\u0411\u041e\u0422\u041a\u0415 \u041f\u0415\u0420\u0421\u041e\u041d\u0410\u041b\u042c\u041d\u042b\u0425 \u0414\u0410\u041d\u041d\u042b\u0425<br \/>2.1 \u041e\u0431\u0440\u0430\u0431\u0430\u0442\u044b\u0432\u0430\u0435\u043c\u044b\u0435 \u043f\u0435\u0440\u0441\u043e\u043d\u0430\u043b\u044c\u043d\u044b\u0435 \u0434\u0430\u043d\u043d\u044b\u0435<\/p><p>\u0412 \u0440\u0430\u043c\u043a\u0430\u0445 \u0438\u0441\u043f\u043e\u043b\u044c\u0437\u043e\u0432\u0430\u043d\u0438\u044f \u043d\u0430\u0448\u0435\u0433\u043e \u0441\u0430\u0439\u0442\u0430 \u043c\u043e\u0433\u0443\u0442 \u043e\u0431\u0440\u0430\u0431\u0430\u0442\u044b\u0432\u0430\u0442\u044c\u0441\u044f \u0441\u043b\u0435\u0434\u0443\u044e\u0449\u0438\u0435 \u043f\u0435\u0440\u0441\u043e\u043d\u0430\u043b\u044c\u043d\u044b\u0435 \u0434\u0430\u043d\u043d\u044b\u0435:<\/p><p>\u0418\u043c\u044f - \u0424\u0430\u043c\u0438\u043b\u0438\u044f<\/p><p>\u0422\u0435\u043b\u0435\u0444\u043e\u043d \u0438 \u0430\u0434\u0440\u0435\u0441 \u044d\u043b\u0435\u043a\u0442\u0440\u043e\u043d\u043d\u043e\u0439 \u043f\u043e\u0447\u0442\u044b<\/p><p>\u0418\u043d\u0444\u043e\u0440\u043c\u0430\u0446\u0438\u044f \u0432 \u0444\u043e\u0440\u043c\u0435 \u0441\u043e\u043e\u0431\u0449\u0435\u043d\u0438\u044f \/ \u0437\u0430\u043f\u0440\u043e\u0441\u0430 \/ \u043a\u043e\u043d\u0442\u0430\u043a\u0442\u0430<\/p><p>\u0421\u043e\u0434\u0435\u0440\u0436\u0430\u043d\u0438\u0435 \u0440\u0435\u0437\u044e\u043c\u0435, \u043e\u0431\u0440\u0430\u0437\u043e\u0432\u0430\u043d\u0438\u0435 \u0438 \u043f\u0440\u043e\u0444\u0435\u0441\u0441\u0438\u043e\u043d\u0430\u043b\u044c\u043d\u044b\u0439 \u043e\u043f\u044b\u0442<\/p><p>\u0418\u043d\u0444\u043e\u0440\u043c\u0430\u0446\u0438\u044f \u043e \u0447\u043b\u0435\u043d\u0441\u0442\u0432\u0435 (\u0438\u043c\u044f \u043f\u043e\u043b\u044c\u0437\u043e\u0432\u0430\u0442\u0435\u043b\u044f, e-mail, \u043f\u0430\u0440\u043e\u043b\u044c - \u0432 \u0437\u0430\u0448\u0438\u0444\u0440\u043e\u0432\u0430\u043d\u043d\u043e\u043c \u0432\u0438\u0434\u0435)<\/p><p>IP-\u0430\u0434\u0440\u0435\u0441 \u0438 \u043e\u0431\u044f\u0437\u0430\u0442\u0435\u043b\u044c\u043d\u044b\u0435 \u0442\u0435\u0445\u043d\u0438\u0447\u0435\u0441\u043a\u0438\u0435 \u0434\u0430\u043d\u043d\u044b\u0435 cookie<\/p><p>\u0424\u0430\u0439\u043b\u044b cookie \u043d\u0435 \u0438\u0441\u043f\u043e\u043b\u044c\u0437\u0443\u044e\u0442\u0441\u044f \u0434\u043b\u044f \u0440\u0435\u043a\u043b\u0430\u043c\u044b \u0438\u043b\u0438 \u043e\u0442\u0441\u043b\u0435\u0436\u0438\u0432\u0430\u043d\u0438\u044f.<\/p><p>2.2 \u0426\u0435\u043b\u0438 \u043e\u0431\u0440\u0430\u0431\u043e\u0442\u043a\u0438 \u043f\u0435\u0440\u0441\u043e\u043d\u0430\u043b\u044c\u043d\u044b\u0445 \u0434\u0430\u043d\u043d\u044b\u0445<\/p><p>\u0412\u0430\u0448\u0438 \u043f\u0435\u0440\u0441\u043e\u043d\u0430\u043b\u044c\u043d\u044b\u0435 \u0434\u0430\u043d\u043d\u044b\u0435 \u043e\u0431\u0440\u0430\u0431\u0430\u0442\u044b\u0432\u0430\u044e\u0442\u0441\u044f \u0434\u043b\u044f \u0441\u043b\u0435\u0434\u0443\u044e\u0449\u0438\u0445 \u0446\u0435\u043b\u0435\u0439:<\/p><p>\u041f\u043e\u043b\u0443\u0447\u0435\u043d\u0438\u0435 \u0438 \u043e\u0442\u0432\u0435\u0442 \u043d\u0430 \u043a\u043e\u043d\u0442\u0430\u043a\u0442\u043d\u044b\u0435 \u0437\u0430\u043f\u0440\u043e\u0441\u044b<\/p><p>\u041e\u0446\u0435\u043d\u043a\u0430 \u0437\u0430\u044f\u0432\u043e\u043a \u043d\u0430 \u0440\u0430\u0431\u043e\u0442\u0443<\/p><p>\u0421\u043e\u0437\u0434\u0430\u043d\u0438\u0435 \u0447\u043b\u0435\u043d\u0441\u0442\u0432\u0430 \u0438 \u0443\u043f\u0440\u0430\u0432\u043b\u0435\u043d\u0438\u0435 \u0443\u0447\u0435\u0442\u043d\u044b\u043c\u0438 \u0437\u0430\u043f\u0438\u0441\u044f\u043c\u0438 \u043f\u043e\u043b\u044c\u0437\u043e\u0432\u0430\u0442\u0435\u043b\u0435\u0439<\/p><p>\u0412\u044b\u043f\u043e\u043b\u043d\u0435\u043d\u0438\u0435 \u043f\u0440\u043e\u0446\u0435\u0441\u0441\u043e\u0432 \u0438\u043d\u0444\u043e\u0440\u043c\u0430\u0446\u0438\u043e\u043d\u043d\u043e\u0439 \u0431\u0435\u0437\u043e\u043f\u0430\u0441\u043d\u043e\u0441\u0442\u0438<\/p><p>\u0412\u044b\u043f\u043e\u043b\u043d\u0435\u043d\u0438\u0435 \u044e\u0440\u0438\u0434\u0438\u0447\u0435\u0441\u043a\u0438\u0445 \u043e\u0431\u044f\u0437\u0430\u0442\u0435\u043b\u044c\u0441\u0442\u0432<\/p><p>\u0423\u043f\u0440\u0430\u0432\u043b\u0435\u043d\u0438\u0435 \u043f\u0440\u043e\u0446\u0435\u0441\u0441\u0430\u043c\u0438 \u0432\u0437\u0430\u0438\u043c\u043e\u043e\u0442\u043d\u043e\u0448\u0435\u043d\u0438\u0439 \u0441 \u043a\u043b\u0438\u0435\u043d\u0442\u0430\u043c\u0438<\/p><p>2.3 \u041f\u0435\u0440\u0435\u0434\u0430\u0447\u0430 \u043f\u0435\u0440\u0441\u043e\u043d\u0430\u043b\u044c\u043d\u044b\u0445 \u0434\u0430\u043d\u043d\u044b\u0445<\/p><p>\u0412\u0430\u0448\u0438 \u043b\u0438\u0447\u043d\u044b\u0435 \u0434\u0430\u043d\u043d\u044b\u0435 \u043c\u043e\u0433\u0443\u0442 \u0431\u044b\u0442\u044c \u043f\u0435\u0440\u0435\u0434\u0430\u043d\u044b \u0442\u043e\u043b\u044c\u043a\u043e \u0432 \u0441\u043b\u0435\u0434\u0443\u044e\u0449\u0438\u0445 \u0441\u043b\u0443\u0447\u0430\u044f\u0445:<\/p><p>\u0423\u043f\u043e\u043b\u043d\u043e\u043c\u043e\u0447\u0435\u043d\u043d\u044b\u0435 \u043f\u043e\u0434\u0440\u0430\u0437\u0434\u0435\u043b\u0435\u043d\u0438\u044f \u043a\u043e\u043c\u043f\u0430\u043d\u0438\u0438<\/p><p>\u0423\u043f\u043e\u043b\u043d\u043e\u043c\u043e\u0447\u0435\u043d\u043d\u044b\u0435 \u0433\u043e\u0441\u0443\u0434\u0430\u0440\u0441\u0442\u0432\u0435\u043d\u043d\u044b\u0435 \u0443\u0447\u0440\u0435\u0436\u0434\u0435\u043d\u0438\u044f \u0432 \u0440\u0430\u043c\u043a\u0430\u0445 \u043f\u0440\u0430\u0432\u043e\u0432\u043e\u0433\u043e \u043e\u0431\u044f\u0437\u0430\u0442\u0435\u043b\u044c\u0441\u0442\u0432\u0430<\/p><p>\u041a\u0440\u043e\u043c\u0435 \u0442\u043e\u0433\u043e, \u043e\u043d\u0430 \u043d\u0435 \u043f\u0435\u0440\u0435\u0434\u0430\u0435\u0442\u0441\u044f \u0442\u0440\u0435\u0442\u044c\u0438\u043c \u043b\u0438\u0446\u0430\u043c \u0432 \u043a\u043e\u043c\u043c\u0435\u0440\u0447\u0435\u0441\u043a\u0438\u0445 \u0446\u0435\u043b\u044f\u0445.<br \/>\u041f\u0435\u0440\u0435\u0434\u0430\u0447\u0430 \u0434\u0430\u043d\u043d\u044b\u0445 \u0437\u0430 \u0433\u0440\u0430\u043d\u0438\u0446\u0443 \u043d\u0435 \u043e\u0441\u0443\u0449\u0435\u0441\u0442\u0432\u043b\u044f\u0435\u0442\u0441\u044f.<\/p><p>2.4 \u041c\u0435\u0442\u043e\u0434 \u0441\u0431\u043e\u0440\u0430 \u043f\u0435\u0440\u0441\u043e\u043d\u0430\u043b\u044c\u043d\u044b\u0445 \u0434\u0430\u043d\u043d\u044b\u0445 \u0438 \u044e\u0440\u0438\u0434\u0438\u0447\u0435\u0441\u043a\u043e\u0435 \u043e\u0431\u043e\u0441\u043d\u043e\u0432\u0430\u043d\u0438\u0435<\/p><p>\u0412\u0430\u0448\u0438 \u0434\u0430\u043d\u043d\u044b\u0435;<\/p><p>\u041a\u043e\u043d\u0442\u0430\u043a\u0442\u043d\u044b\u0435 \u0444\u043e\u0440\u043c\u044b \u043d\u0430 \u0441\u0430\u0439\u0442\u0435<\/p><p>\u0417\u0430\u044f\u0432\u043a\u0430 \u043d\u0430 \u0440\u0430\u0431\u043e\u0442\u0443 \/ \u0437\u0430\u0433\u0440\u0443\u0437\u043a\u0430 \u0440\u0435\u0437\u044e\u043c\u0435<\/p><p>\u042d\u043a\u0440\u0430\u043d\u044b \u0440\u0435\u0433\u0438\u0441\u0442\u0440\u0430\u0446\u0438\u0438 \u0443\u0447\u0430\u0441\u0442\u043d\u0438\u043a\u043e\u0432<\/p><p>\u041e\u0431\u0449\u0435\u043d\u0438\u0435 \u043f\u043e \u044d\u043b\u0435\u043a\u0442\u0440\u043e\u043d\u043d\u043e\u0439 \u043f\u043e\u0447\u0442\u0435<\/p><p>\u0441\u043e\u0431\u0440\u0430\u043d\u043d\u044b\u0435 \u0441 \u043f\u043e\u043c\u043e\u0449\u044c\u044e \u0430\u0432\u0442\u043e\u043c\u0430\u0442\u0438\u0437\u0438\u0440\u043e\u0432\u0430\u043d\u043d\u044b\u0445 \u043c\u0435\u0442\u043e\u0434\u043e\u0432.<\/p><p>\u041f\u0440\u0430\u0432\u043e\u0432\u044b\u0435 \u043e\u0441\u043d\u043e\u0432\u0430\u043d\u0438\u044f:<\/p><p>\u042f\u0432\u043d\u043e\u0435 \u0441\u043e\u0433\u043b\u0430\u0441\u0438\u0435<\/p><p>\u0417\u0430\u043a\u043b\u044e\u0447\u0435\u043d\u0438\u0435\/\u0438\u0441\u043f\u043e\u043b\u043d\u0435\u043d\u0438\u0435 \u0434\u043e\u0433\u043e\u0432\u043e\u0440\u0430<\/p><p>\u0417\u0430\u043a\u043e\u043d\u043d\u044b\u0439 \u0438\u043d\u0442\u0435\u0440\u0435\u0441<\/p><p>\u042e\u0440\u0438\u0434\u0438\u0447\u0435\u0441\u043a\u0430\u044f \u043e\u0442\u0432\u0435\u0442\u0441\u0442\u0432\u0435\u043d\u043d\u043e\u0441\u0442\u044c<\/p><p>2.5 \u0412\u0430\u0448\u0438 \u043f\u0440\u0430\u0432\u0430 \u0432 \u0441\u043e\u043e\u0442\u0432\u0435\u0442\u0441\u0442\u0432\u0438\u0438 \u0441\u043e \u0441\u0442\u0430\u0442\u044c\u0435\u0439 11 \u041a\u0412\u041a\u041a<\/p><p>\u0412\u044b \u0438\u043c\u0435\u0435\u0442\u0435 \u0441\u043b\u0435\u0434\u0443\u044e\u0449\u0438\u0435 \u043f\u0440\u0430\u0432\u0430:<\/p><p>\u0427\u0442\u043e\u0431\u044b \u0443\u0437\u043d\u0430\u0442\u044c, \u043e\u0431\u0440\u0430\u0431\u0430\u0442\u044b\u0432\u0430\u044e\u0442\u0441\u044f \u043b\u0438 \u0432\u0430\u0448\u0438 \u043b\u0438\u0447\u043d\u044b\u0435 \u0434\u0430\u043d\u043d\u044b\u0435 \u0438\u043b\u0438 \u043d\u0435\u0442<\/p><p>\u0415\u0441\u043b\u0438 \u043e\u043d \u043e\u0431\u0440\u0430\u0431\u0430\u0442\u044b\u0432\u0430\u0435\u0442\u0441\u044f, \u0437\u0430\u043f\u0440\u043e\u0441\u0438\u0442\u044c \u0438\u043d\u0444\u043e\u0440\u043c\u0430\u0446\u0438\u044e \u043e \u043d\u0435\u043c<\/p><p>\u0417\u0430\u043f\u0440\u043e\u0441 \u043d\u0430 \u0438\u0441\u043f\u0440\u0430\u0432\u043b\u0435\u043d\u0438\u0435 \u043d\u0435\u0432\u0435\u0440\u043d\u044b\u0445 \u0438\u043b\u0438 \u043d\u0435\u043f\u043e\u043b\u043d\u043e \u043e\u0431\u0440\u0430\u0431\u043e\u0442\u0430\u043d\u043d\u044b\u0445 \u0434\u0430\u043d\u043d\u044b\u0445<\/p><p>\u0417\u0430\u043f\u0440\u043e\u0441 \u043d\u0430 \u0443\u0434\u0430\u043b\u0435\u043d\u0438\u0435 \u0438\u043b\u0438 \u0443\u043d\u0438\u0447\u0442\u043e\u0436\u0435\u043d\u0438\u0435<\/p><p>\u0417\u0430\u043f\u0440\u043e\u0441\u0438\u0442\u044c \u0443\u0432\u0435\u0434\u043e\u043c\u043b\u0435\u043d\u0438\u0435 \u043e \u043f\u0435\u0440\u0435\u0434\u0430\u0447\u0435 \u0438\u043d\u0444\u043e\u0440\u043c\u0430\u0446\u0438\u0438 \u0442\u0440\u0435\u0442\u044c\u0438\u043c \u043b\u0438\u0446\u0430\u043c<\/p><p>\u0412\u043e\u0437\u0440\u0430\u0436\u0435\u043d\u0438\u0435 \u043f\u0440\u043e\u0442\u0438\u0432 \u043e\u0431\u0440\u0430\u0431\u043e\u0442\u043a\u0438<\/p><p>\u0422\u0440\u0435\u0431\u0443\u0439\u0442\u0435 \u043a\u043e\u043c\u043f\u0435\u043d\u0441\u0430\u0446\u0438\u044e, \u0435\u0441\u043b\u0438 \u0432\u044b \u043f\u043e\u043d\u0435\u0441\u043b\u0438 \u0443\u0449\u0435\u0440\u0431<\/p><p>\u041f\u0440\u0438\u0441\u044b\u043b\u0430\u0439\u0442\u0435 \u0441\u0432\u043e\u0438 \u0437\u0430\u044f\u0432\u043a\u0438 \u043d\u0430 kvkk@basaranhali.com.tr.<br \/>\u0412\u044b \u043c\u043e\u0436\u0435\u0442\u0435 \u043e\u0442\u043f\u0440\u0430\u0432\u0438\u0442\u044c \u0441\u0432\u043e\u0439 \u0437\u0430\u043f\u0440\u043e\u0441 \u043f\u043e \u0430\u0434\u0440\u0435\u0441\u0443.<\/p><p>3. \u0417\u0410\u042f\u0412\u041b\u0415\u041d\u0418\u0415 \u041e \u042f\u0412\u041d\u041e\u041c \u0421\u041e\u0413\u041b\u0410\u0421\u0418\u0418<\/p><p>\u042f \u043f\u043e\u0434\u0442\u0432\u0435\u0440\u0436\u0434\u0430\u044e, \u0447\u0442\u043e \u043e\u0437\u043d\u0430\u043a\u043e\u043c\u0438\u043b\u0441\u044f \u0441 \u0420\u0430\u0437\u044a\u044f\u0441\u043d\u0438\u0442\u0435\u043b\u044c\u043d\u044b\u043c \u0442\u0435\u043a\u0441\u0442\u043e\u043c \u043d\u0430 \u044d\u0442\u043e\u0439 \u0441\u0442\u0440\u0430\u043d\u0438\u0446\u0435; \u044f \u0434\u0430\u044e \u0441\u0432\u043e\u0435 \u044f\u0432\u043d\u043e\u0435 \u0441\u043e\u0433\u043b\u0430\u0441\u0438\u0435 \u043d\u0430 \u043e\u0431\u0440\u0430\u0431\u043e\u0442\u043a\u0443 \u043a\u043e\u043d\u0442\u0430\u043a\u0442\u043d\u043e\u0439 \u0438\u043d\u0444\u043e\u0440\u043c\u0430\u0446\u0438\u0438, \u0438\u043d\u0444\u043e\u0440\u043c\u0430\u0446\u0438\u0438 \u043e \u0447\u043b\u0435\u043d\u0441\u0442\u0432\u0435 \u0438 \u0437\u0430\u044f\u0432\u043a\u0435 \u043d\u0430 \u0440\u0430\u0431\u043e\u0442\u0443, \u043a\u043e\u0442\u043e\u0440\u0443\u044e \u044f \u043f\u0440\u0435\u0434\u043e\u0441\u0442\u0430\u0432\u043b\u044f\u044e \u0447\u0435\u0440\u0435\u0437 \u0432\u0435\u0431-\u0441\u0430\u0439\u0442 \u0434\u043b\u044f \u0443\u043a\u0430\u0437\u0430\u043d\u043d\u044b\u0445 \u0446\u0435\u043b\u0435\u0439.<\/p><p>\u041a\u043e\u0433\u0434\u0430 \u044f \u0441\u043f\u0440\u0430\u0448\u0438\u0432\u0430\u044e \u043e \u0441\u0432\u043e\u0435\u043c \u044f\u0432\u043d\u043e\u043c \u0441\u043e\u0433\u043b\u0430\u0441\u0438\u0438 kvkk@basaranhali.com.tr<br \/>\u042f \u0437\u043d\u0430\u044e, \u0447\u0442\u043e \u043c\u043e\u0433\u0443 \u043e\u0442\u043e\u0437\u0432\u0430\u0442\u044c \u0435\u0433\u043e, \u043e\u0431\u0440\u0430\u0442\u0438\u0432\u0448\u0438\u0441\u044c \u043f\u043e \u0430\u0434\u0440\u0435\u0441\u0443.<\/p><p>4. \u0423\u0421\u041b\u041e\u0412\u0418\u042f \u0418\u0421\u041f\u041e\u041b\u042c\u0417\u041e\u0412\u0410\u041d\u0418\u042f<br \/>4.1 \u041e\u0431\u0449\u0430\u044f \u0438\u043d\u0444\u043e\u0440\u043c\u0430\u0446\u0438\u044f<\/p><p>\u0412\u0441\u044f \u0438\u043d\u0444\u043e\u0440\u043c\u0430\u0446\u0438\u044f \u043d\u0430 \u0441\u0430\u0439\u0442\u0435 \u043f\u0440\u0435\u0434\u043d\u0430\u0437\u043d\u0430\u0447\u0435\u043d\u0430 \u0434\u043b\u044f \u043e\u0431\u0449\u0435\u0433\u043e \u043e\u0437\u043d\u0430\u043a\u043e\u043c\u043b\u0435\u043d\u0438\u044f.<br \/>\u041e\u0442\u0432\u0435\u0442\u0441\u0442\u0432\u0435\u043d\u043d\u043e\u0441\u0442\u044c \u0437\u0430 \u0441\u0434\u0435\u043b\u043a\u0438, \u0441\u043e\u0432\u0435\u0440\u0448\u0435\u043d\u043d\u044b\u0435 \u0432 \u0441\u043e\u043e\u0442\u0432\u0435\u0442\u0441\u0442\u0432\u0438\u0438 \u0441 \u0434\u0430\u043d\u043d\u043e\u0439 \u0438\u043d\u0444\u043e\u0440\u043c\u0430\u0446\u0438\u0435\u0439, \u043d\u0435\u0441\u0435\u0442 \u043f\u043e\u043b\u044c\u0437\u043e\u0432\u0430\u0442\u0435\u043b\u044c.<\/p><p>4.2 \u041e\u0442\u043a\u0430\u0437 \u043e\u0442 \u043e\u0442\u0432\u0435\u0442\u0441\u0442\u0432\u0435\u043d\u043d\u043e\u0441\u0442\u0438<\/p><p>\u041a\u043e\u043c\u043f\u0430\u043d\u0438\u044f \u043d\u0435 \u0433\u0430\u0440\u0430\u043d\u0442\u0438\u0440\u0443\u0435\u0442 \u0442\u043e\u0447\u043d\u043e\u0441\u0442\u044c, \u0441\u0432\u043e\u0435\u0432\u0440\u0435\u043c\u0435\u043d\u043d\u043e\u0441\u0442\u044c \u0438 \u0431\u0435\u0441\u043f\u0435\u0440\u0435\u0431\u043e\u0439\u043d\u0443\u044e \u0434\u043e\u0441\u0442\u0443\u043f\u043d\u043e\u0441\u0442\u044c \u0441\u043e\u0434\u0435\u0440\u0436\u0438\u043c\u043e\u0433\u043e \u0441\u0430\u0439\u0442\u0430.<br \/>\u041c\u044b \u043d\u0435 \u043d\u0435\u0441\u0435\u043c \u043e\u0442\u0432\u0435\u0442\u0441\u0442\u0432\u0435\u043d\u043d\u043e\u0441\u0442\u0438 \u0437\u0430 \u0443\u0449\u0435\u0440\u0431, \u043a\u043e\u0442\u043e\u0440\u044b\u0439 \u043c\u043e\u0436\u0435\u0442 \u0432\u043e\u0437\u043d\u0438\u043a\u043d\u0443\u0442\u044c \u0432 \u0440\u0435\u0437\u0443\u043b\u044c\u0442\u0430\u0442\u0435 \u0438\u0441\u043f\u043e\u043b\u044c\u0437\u043e\u0432\u0430\u043d\u0438\u044f \u043a\u043e\u043d\u0442\u0435\u043d\u0442\u0430.<\/p><p>4.3 \u041f\u0440\u0430\u0432\u0430 \u0438\u043d\u0442\u0435\u043b\u043b\u0435\u043a\u0442\u0443\u0430\u043b\u044c\u043d\u043e\u0439 \u0441\u043e\u0431\u0441\u0442\u0432\u0435\u043d\u043d\u043e\u0441\u0442\u0438<\/p><p>\u0412\u0441\u0435 \u043d\u0430 \u0441\u0430\u0439\u0442\u0435:<\/p><p>\u0412\u0438\u0437\u0443\u0430\u043b\u044c\u043d\u044b\u0435 \u0441\u0440\u0435\u0434\u0441\u0442\u0432\u0430<\/p><p>\u0424\u043e\u0442\u043e\u0433\u0440\u0430\u0444\u0438\u0438 \u043f\u0440\u043e\u0434\u0443\u043a\u0446\u0438\u0438 \u043a\u043e\u043b\u043b\u0435\u043a\u0446\u0438\u0438 \u043a\u043e\u0432\u0440\u043e\u0432<\/p><p>\u041b\u043e\u0433\u043e\u0442\u0438\u043f\u044b<\/p><p>\u0422\u0435\u043a\u0441\u0442\u044b \u0438 \u0434\u0438\u0437\u0430\u0439\u043d<\/p><p>BA\u015eARAN CARPET TEKSTIL SAN. VE TI\u0307C. LTD. \u015eTI\u0307.<br \/>\u0415\u0433\u043e \u043d\u0435\u043b\u044c\u0437\u044f \u043a\u043e\u043f\u0438\u0440\u043e\u0432\u0430\u0442\u044c, \u0432\u043e\u0441\u043f\u0440\u043e\u0438\u0437\u0432\u043e\u0434\u0438\u0442\u044c, \u0440\u0430\u0441\u043f\u0440\u043e\u0441\u0442\u0440\u0430\u043d\u044f\u0442\u044c \u0438\u043b\u0438 \u0438\u0441\u043f\u043e\u043b\u044c\u0437\u043e\u0432\u0430\u0442\u044c \u0432 \u043a\u043e\u043c\u043c\u0435\u0440\u0447\u0435\u0441\u043a\u0438\u0445 \u0446\u0435\u043b\u044f\u0445 \u0431\u0435\u0437 \u0440\u0430\u0437\u0440\u0435\u0448\u0435\u043d\u0438\u044f.<\/p><p>4.4 \u0412\u043d\u0435\u0448\u043d\u0438\u0435 \u0441\u043e\u0435\u0434\u0438\u043d\u0435\u043d\u0438\u044f<\/p><p>\u0421\u0441\u044b\u043b\u043a\u0438, \u043f\u0440\u0435\u0434\u0441\u0442\u0430\u0432\u043b\u0435\u043d\u043d\u044b\u0435 \u043d\u0430 \u0441\u0430\u0439\u0442\u0435, \u043d\u043e\u0441\u044f\u0442 \u0438\u043d\u0444\u043e\u0440\u043c\u0430\u0446\u0438\u043e\u043d\u043d\u044b\u0439 \u0445\u0430\u0440\u0430\u043a\u0442\u0435\u0440.<br \/>\u041d\u0430\u0448\u0430 \u043a\u043e\u043c\u043f\u0430\u043d\u0438\u044f \u043d\u0435 \u043d\u0435\u0441\u0435\u0442 \u043e\u0442\u0432\u0435\u0442\u0441\u0442\u0432\u0435\u043d\u043d\u043e\u0441\u0442\u0438 \u0437\u0430 \u0441\u043e\u0434\u0435\u0440\u0436\u0430\u043d\u0438\u0435 \u044d\u0442\u0438\u0445 \u0441\u0430\u0439\u0442\u043e\u0432.<\/p><p>4.5 \u041e\u0431\u044f\u0437\u0430\u0442\u0435\u043b\u044c\u0441\u0442\u0432\u0430 \u043f\u043e\u043b\u044c\u0437\u043e\u0432\u0430\u0442\u0435\u043b\u044f<\/p><p>\u041f\u043e\u043b\u044c\u0437\u043e\u0432\u0430\u0442\u0435\u043b\u044c \u043e\u0431\u044f\u0437\u0443\u0435\u0442\u0441\u044f \u0438\u0441\u043f\u043e\u043b\u044c\u0437\u043e\u0432\u0430\u0442\u044c \u0441\u0430\u0439\u0442 \u0432 \u0441\u043e\u043e\u0442\u0432\u0435\u0442\u0441\u0442\u0432\u0438\u0438 \u0441 \u0437\u0430\u043a\u043e\u043d\u043e\u043c.<br \/>\u041f\u043e\u043b\u044c\u0437\u043e\u0432\u0430\u0442\u0435\u043b\u044c \u043d\u0435\u0441\u0435\u0442 \u043e\u0442\u0432\u0435\u0442\u0441\u0442\u0432\u0435\u043d\u043d\u043e\u0441\u0442\u044c \u0437\u0430 \u0432\u0441\u0435 \u043e\u043f\u0435\u0440\u0430\u0446\u0438\u0438, \u043a\u043e\u0442\u043e\u0440\u044b\u0435 \u043d\u0430\u0440\u0443\u0448\u0430\u044e\u0442 \u0447\u0443\u0436\u0438\u0435 \u043f\u0440\u0430\u0432\u0430 \u0438 \u043d\u0430\u043d\u043e\u0441\u044f\u0442 \u0443\u0449\u0435\u0440\u0431.<\/p><p>5. \u0424\u043e\u0440\u043c\u0430 \u0437\u0430\u044f\u0432\u043a\u0438 \u043d\u0430 \u043f\u043e\u043b\u0443\u0447\u0435\u043d\u0438\u0435 \u043f\u0435\u0440\u0441\u043e\u043d\u0430\u043b\u044c\u043d\u044b\u0445 \u0434\u0430\u043d\u043d\u044b\u0445<\/p><p>\u0417\u0430\u0433\u0440\u0443\u0437\u0438\u0442\u0435 \u0444\u043e\u0440\u043c\u0443 \u0434\u043b\u044f \u043f\u043e\u0434\u0430\u0447\u0438 \u0437\u0430\u044f\u0432\u043a\u0438 \u043d\u0430 \u043f\u043e\u043b\u0443\u0447\u0435\u043d\u0438\u0435 \u0432\u0430\u0448\u0438\u0445 \u043f\u0435\u0440\u0441\u043e\u043d\u0430\u043b\u044c\u043d\u044b\u0445 \u0434\u0430\u043d\u043d\u044b\u0445:<\/p><p><a href=\"https:\/\/basaranhali.com.tr\/wp-content\/uploads\/2025\/12\/kvkkBasvuruFormu.pdf\" target=\"_blank\" rel=\"noopener\">\u0421\u043a\u0430\u0447\u0430\u0442\u044c PDF<\/a><\/p>\t\t\n\t<\/div>\n\t<!-- <\/> -->\n\t\t<\/div>\t\t\t\t<\/div>\n\t\t\t\t<\/div>\n\t\t\t\t\t<\/div>\r\n\t\t\t\t<\/div>\r\n\t\t\t\t<\/div>","protected":false},"excerpt":{"rendered":"<p>1. VER\u0130 SORUMLUSUNUN K\u0130ML\u0130\u011e\u0130 BA\u015eARAN HALI TEKST\u0130L SANAY\u0130 VE T\u0130CARET L\u0130M\u0130TED \u015e\u0130RKET\u0130, 6698 say\u0131l\u0131 Ki\u015fisel Verilerin Korunmas\u0131 Kanunu (\u201cKVKK\u201d) kapsam\u0131nda \u201cVeri Sorumlusu\u201d olarak hareket etmektedir.Taraf\u0131m\u0131za a\u015fa\u011f\u0131da yer verilen ileti\u015fim bilgileri arac\u0131l\u0131\u011f\u0131yla ula\u015fabilirsiniz: Ticaret Unvan\u0131:BA\u015eARAN HALI TEKST\u0130L SANAY\u0130 VE T\u0130CARET L\u0130M\u0130TED \u015e\u0130RKET\u0130 Adres:4. Organize Sanayi B\u00f6lgesi 83403 Nolu Cadde No:4\u015eehitkamil \/ Gaziantep Telefon:+90 (342) 357 04 [&hellip;]<\/p>","protected":false},"author":2,"featured_media":0,"parent":0,"menu_order":0,"comment_status":"closed","ping_status":"closed","template":"","meta":{"footnotes":""},"class_list":["post-9616","page","type-page","status-publish","hentry"],"_links":{"self":[{"href":"https:\/\/basaranhali.com.tr\/ru\/wp-json\/wp\/v2\/pages\/9616","targetHints":{"allow":["GET"]}}],"collection":[{"href":"https:\/\/basaranhali.com.tr\/ru\/wp-json\/wp\/v2\/pages"}],"about":[{"href":"https:\/\/basaranhali.com.tr\/ru\/wp-json\/wp\/v2\/types\/page"}],"author":[{"embeddable":true,"href":"https:\/\/basaranhali.com.tr\/ru\/wp-json\/wp\/v2\/users\/2"}],"replies":[{"embeddable":true,"href":"https:\/\/basaranhali.com.tr\/ru\/wp-json\/wp\/v2\/comments?post=9616"}],"version-history":[{"count":16,"href":"https:\/\/basaranhali.com.tr\/ru\/wp-json\/wp\/v2\/pages\/9616\/revisions"}],"predecessor-version":[{"id":9639,"href":"https:\/\/basaranhali.com.tr\/ru\/wp-json\/wp\/v2\/pages\/9616\/revisions\/9639"}],"wp:attachment":[{"href":"https:\/\/basaranhali.com.tr\/ru\/wp-json\/wp\/v2\/media?parent=9616"}],"curies":[{"name":"wp","href":"https:\/\/api.w.org\/{rel}","templated":true}]}}