{"id":9289,"date":"2025-12-01T13:02:55","date_gmt":"2025-12-01T10:02:55","guid":{"rendered":"https:\/\/basaranhali.com.tr\/?page_id=9289"},"modified":"2025-12-08T17:59:28","modified_gmt":"2025-12-08T14:59:28","slug":"%d1%8d%d0%bd%d0%b5%d1%80%d0%b3%d0%b5%d1%82%d0%b8%d1%87%d0%b5%d1%81%d0%ba%d0%b0%d1%8f-%d0%bf%d0%be%d0%bb%d0%b8%d1%82%d0%b8%d0%ba%d0%b0","status":"publish","type":"page","link":"https:\/\/basaranhali.com.tr\/ru\/%d1%8d%d0%bd%d0%b5%d1%80%d0%b3%d0%b5%d1%82%d0%b8%d1%87%d0%b5%d1%81%d0%ba%d0%b0%d1%8f-%d0%bf%d0%be%d0%bb%d0%b8%d1%82%d0%b8%d0%ba%d0%b0\/","title":{"rendered":"\u042d\u043d\u0435\u0440\u0433\u0435\u0442\u0438\u0447\u0435\u0441\u043a\u0430\u044f \u043f\u043e\u043b\u0438\u0442\u0438\u043a\u0430"},"content":{"rendered":"<div data-elementor-type=\"wp-page\" data-elementor-id=\"9289\" class=\"elementor elementor-9289\">\n\t\t\t\t<div class=\"elementor-element elementor-element-8bfcd7f e-flex e-con-boxed pxl-column-none e-con e-parent\" data-id=\"8bfcd7f\" data-element_type=\"container\">\t\t\t<div class=\"e-con-inner\">\r\n\t\t\t\t<div class=\"elementor-element elementor-element-f69afd2 elementor-widget elementor-widget-pxl_text_editor\" data-id=\"f69afd2\" data-element_type=\"widget\" data-widget_type=\"pxl_text_editor.default\">\n\t\t\t\t<div class=\"elementor-widget-container\">\n\t\t\t\t\t<div class=\"pxl-text-editor\">\n\t<div class=\"pxl-item--inner\" data-wow-delay=\"ms\">\n\t\t<p>\u041a\u043e\u043c\u043f\u0430\u043d\u0438\u044f BA\u015eARAN HALI TEKST\u0130L SAN. ve T\u0130C. LTD. \u015eT\u0130 \u0432\u0435\u0440\u0438\u0442 \u0432 \u043d\u0435\u043e\u0431\u0445\u043e\u0434\u0438\u043c\u043e\u0441\u0442\u044c \u0431\u043e\u0440\u044c\u0431\u044b \u0441 \u0443\u0449\u0435\u0440\u0431\u043e\u043c, \u043d\u0430\u043d\u043e\u0441\u0438\u043c\u044b\u043c \u043f\u0440\u0438\u0440\u043e\u0434\u0435 \u0438 \u043e\u043a\u0440\u0443\u0436\u0430\u044e\u0449\u0435\u0439 \u0441\u0440\u0435\u0434\u0435 \u0432 \u0440\u0435\u0437\u0443\u043b\u044c\u0442\u0430\u0442\u0435 \u0437\u0430\u0433\u0440\u044f\u0437\u043d\u0435\u043d\u0438\u044f \u0447\u0435\u043b\u043e\u0432\u0435\u043a\u043e\u043c. \u041c\u044b \u0443\u0441\u0435\u0440\u0434\u043d\u043e \u0440\u0430\u0431\u043e\u0442\u0430\u0435\u043c \u0432\u043e \u0432\u0441\u0435\u0445 \u043d\u0430\u043f\u0440\u0430\u0432\u043b\u0435\u043d\u0438\u044f\u0445 \u043d\u0430\u0448\u0435\u0439 \u043a\u043e\u0440\u043f\u043e\u0440\u0430\u0442\u0438\u0432\u043d\u043e\u0439 \u0434\u0435\u044f\u0442\u0435\u043b\u044c\u043d\u043e\u0441\u0442\u0438, \u0447\u0442\u043e\u0431\u044b \u0441\u0434\u0435\u043b\u0430\u0442\u044c \u043c\u0438\u0440 \u0447\u0438\u0449\u0435, \u043c\u0430\u043a\u0441\u0438\u043c\u0430\u043b\u044c\u043d\u043e \u043f\u043e\u0432\u044b\u0448\u0430\u044f \u044d\u0444\u0444\u0435\u043a\u0442\u0438\u0432\u043d\u043e\u0441\u0442\u044c \u043f\u043e\u0442\u0440\u0435\u0431\u043b\u0435\u043d\u0438\u044f \u044d\u043d\u0435\u0440\u0433\u0438\u0438 - \u043e\u0434\u043d\u043e\u0433\u043e \u0438\u0437 \u0432\u0430\u0436\u043d\u0435\u0439\u0448\u0438\u0445 \u043f\u043e\u043a\u0430\u0437\u0430\u0442\u0435\u043b\u0435\u0439 \u0440\u0430\u0437\u0432\u0438\u0442\u0438\u044f.<\/p><p>\u0414\u043b\u044f \u044d\u0442\u043e\u0433\u043e \u043d\u0430\u0448\u0430 \u043e\u0440\u0433\u0430\u043d\u0438\u0437\u0430\u0446\u0438\u044f;<\/p><ul><li>\u041e\u043d\u0430 \u043f\u0440\u0435\u0434\u043e\u0441\u0442\u0430\u0432\u043b\u044f\u0435\u0442 \u0438\u043d\u0444\u043e\u0440\u043c\u0430\u0446\u0438\u044e \u0438 \u0432\u0441\u0435 \u043d\u0435\u043e\u0431\u0445\u043e\u0434\u0438\u043c\u044b\u0435 \u0440\u0435\u0441\u0443\u0440\u0441\u044b \u0434\u043b\u044f \u043e\u0431\u0435\u0441\u043f\u0435\u0447\u0435\u043d\u0438\u044f \u044d\u043d\u0435\u0440\u0433\u043e\u044d\u0444\u0444\u0435\u043a\u0442\u0438\u0432\u043d\u043e\u0441\u0442\u0438 \u0438 \u0434\u043e\u0441\u0442\u0438\u0436\u0435\u043d\u0438\u044f \u044d\u043d\u0435\u0440\u0433\u0435\u0442\u0438\u0447\u0435\u0441\u043a\u0438\u0445 \u0446\u0435\u043b\u0435\u0439.<\/li><li>\u0421\u043e\u043e\u0442\u0432\u0435\u0442\u0441\u0442\u0432\u0443\u0435\u0442 \u0434\u0435\u0439\u0441\u0442\u0432\u0443\u044e\u0449\u0438\u043c \u0437\u0430\u043a\u043e\u043d\u043e\u0434\u0430\u0442\u0435\u043b\u044c\u043d\u044b\u043c \u0438 \u0438\u043d\u044b\u043c \u0442\u0440\u0435\u0431\u043e\u0432\u0430\u043d\u0438\u044f\u043c, \u043a\u0430\u0441\u0430\u044e\u0449\u0438\u043c\u0441\u044f \u044d\u043d\u0435\u0440\u0433\u043e\u044d\u0444\u0444\u0435\u043a\u0442\u0438\u0432\u043d\u043e\u0441\u0442\u0438, \u044d\u043d\u0435\u0440\u0433\u043e\u043f\u043e\u0442\u0440\u0435\u0431\u043b\u0435\u043d\u0438\u044f \u0438 \u0440\u0430\u0441\u0445\u043e\u0434\u0430 \u044d\u043d\u0435\u0440\u0433\u0438\u0438.<\/li><li>\u041e\u043d\u0430 \u0441\u043b\u0435\u0434\u0438\u0442 \u0437\u0430 \u044d\u043d\u0435\u0440\u0433\u043e\u044d\u0444\u0444\u0435\u043a\u0442\u0438\u0432\u043d\u043e\u0441\u0442\u044c\u044e, \u0440\u0435\u0433\u0443\u043b\u044f\u0440\u043d\u043e \u043f\u0440\u043e\u0432\u0435\u0440\u044f\u044f \u0438 \u043f\u0435\u0440\u0435\u0441\u043c\u0430\u0442\u0440\u0438\u0432\u0430\u044f \u044d\u043d\u0435\u0440\u0433\u0435\u0442\u0438\u0447\u0435\u0441\u043a\u0443\u044e \u043f\u043e\u043b\u0438\u0442\u0438\u043a\u0443 \u0438 \u043f\u0440\u0430\u043a\u0442\u0438\u043a\u0443, \u043e\u0441\u043d\u043e\u0432\u044b\u0432\u0430\u044f\u0441\u044c \u043d\u0430 \u043f\u0440\u0438\u043d\u0446\u0438\u043f\u0435 \u043f\u043e\u0441\u0442\u043e\u044f\u043d\u043d\u043e\u0433\u043e \u0443\u043b\u0443\u0447\u0448\u0435\u043d\u0438\u044f \u044d\u043d\u0435\u0440\u0433\u043e\u044d\u0444\u0444\u0435\u043a\u0442\u0438\u0432\u043d\u043e\u0441\u0442\u0438.<\/li><li>\u0412 \u043d\u0435\u0439 \u0438\u0441\u043f\u043e\u043b\u044c\u0437\u0443\u044e\u0442\u0441\u044f \u0442\u0435\u0445\u043d\u043e\u043b\u043e\u0433\u0438\u0438, \u0432 \u043a\u043e\u0442\u043e\u0440\u044b\u0445 \u043f\u0440\u0438\u043e\u0440\u0438\u0442\u0435\u0442 \u043e\u0442\u0434\u0430\u0435\u0442\u0441\u044f \u044d\u043d\u0435\u0440\u0433\u043e\u044d\u0444\u0444\u0435\u043a\u0442\u0438\u0432\u043d\u043e\u0441\u0442\u0438 \u0437\u0430 \u0441\u0447\u0435\u0442 \u0443\u043b\u0443\u0447\u0448\u0435\u043d\u0438\u044f \u044d\u043d\u0435\u0440\u0433\u0435\u0442\u0438\u0447\u0435\u0441\u043a\u0438\u0445 \u043f\u043e\u043a\u0430\u0437\u0430\u0442\u0435\u043b\u0435\u0439 \u043f\u0440\u0438 \u043f\u0440\u043e\u0438\u0437\u0432\u043e\u0434\u0441\u0442\u0432\u0435 \u043d\u043e\u0432\u044b\u0445 \u043f\u0440\u043e\u0434\u0443\u043a\u0442\u043e\u0432 \u0438\u043b\u0438 \u043f\u0440\u0438 \u0440\u0430\u0437\u0440\u0430\u0431\u043e\u0442\u043a\u0435 \u043d\u043e\u0432\u044b\u0445 \u043f\u0440\u043e\u0446\u0435\u0441\u0441\u043e\u0432 \u0434\u043b\u044f \u0434\u043e\u0441\u0442\u0438\u0436\u0435\u043d\u0438\u044f \u0446\u0435\u043b\u0435\u0439 \u0438 \u0437\u0430\u0434\u0430\u0447 \u0432 \u043e\u0431\u043b\u0430\u0441\u0442\u0438 \u044d\u043d\u0435\u0440\u0433\u0435\u0442\u0438\u043a\u0438.<\/li><li>\u041e\u043d \u043e\u0442\u0434\u0430\u0435\u0442 \u043f\u0440\u0435\u0434\u043f\u043e\u0447\u0442\u0435\u043d\u0438\u0435 \u0442\u0435\u0445\u043d\u043e\u043b\u043e\u0433\u0438\u044f\u043c \u043d\u043e\u0432\u043e\u0433\u043e \u043f\u043e\u043a\u043e\u043b\u0435\u043d\u0438\u044f, \u043a\u043e\u0442\u043e\u0440\u044b\u0435 \u043f\u043e\u0432\u044b\u0448\u0430\u044e\u0442 \u043d\u0430\u0448\u0443 \u044d\u043d\u0435\u0440\u0433\u043e\u044d\u0444\u0444\u0435\u043a\u0442\u0438\u0432\u043d\u043e\u0441\u0442\u044c \u0438 \u043f\u0440\u043e\u0438\u0437\u0432\u043e\u0434\u0438\u0442\u0435\u043b\u044c\u043d\u043e\u0441\u0442\u044c \u043f\u0440\u0438 \u043f\u043e\u043a\u0443\u043f\u043a\u0435 \u043f\u0440\u043e\u0434\u0443\u043a\u0442\u043e\u0432, \u043e\u0431\u043e\u0440\u0443\u0434\u043e\u0432\u0430\u043d\u0438\u044f \u0438 \u0443\u0441\u043b\u0443\u0433, \u043d\u0430\u0447\u0438\u043d\u0430\u044f \u0441 \u044d\u0442\u0430\u043f\u0430 \u043f\u0440\u043e\u0435\u043a\u0442\u0438\u0440\u043e\u0432\u0430\u043d\u0438\u044f.<\/li><li>\u041f\u043e\u0432\u044b\u0448\u0435\u043d\u0438\u0435 \u043e\u0441\u0432\u0435\u0434\u043e\u043c\u043b\u0435\u043d\u043d\u043e\u0441\u0442\u0438 \u043f\u0443\u0442\u0435\u043c \u0438\u043d\u0444\u043e\u0440\u043c\u0438\u0440\u043e\u0432\u0430\u043d\u0438\u044f \u0432\u0441\u0435\u0445 \u0432\u043d\u0443\u0442\u0440\u0435\u043d\u043d\u0438\u0445 \u0438 \u0432\u043d\u0435\u0448\u043d\u0438\u0445 \u0437\u0430\u0438\u043d\u0442\u0435\u0440\u0435\u0441\u043e\u0432\u0430\u043d\u043d\u044b\u0445 \u0441\u0442\u043e\u0440\u043e\u043d \u043e\u0431 \u044d\u043d\u0435\u0440\u0433\u043e\u044d\u0444\u0444\u0435\u043a\u0442\u0438\u0432\u043d\u043e\u0441\u0442\u0438.<\/li><\/ul>\t\t\n\t<\/div>\n\t<!-- <\/> -->\n\t\t<\/div>\t\t\t\t<\/div>\n\t\t\t\t<\/div>\n\t\t\t\t\t<\/div>\r\n\t\t\t\t<\/div>\r\n\t\t\t\t<\/div>","protected":false},"excerpt":{"rendered":"<p>BA\u015eARAN HALI TEKST\u0130L SAN. ve T\u0130C. LTD. \u015eT\u0130, insan eliyle yarat\u0131lan kirlili\u011fin tabiata ve \u00e7evreye verdi\u011fi zarar i\u00e7in m\u00fccadelede etmenin gereklili\u011fine inanmaktad\u0131r. Geli\u015fmi\u015fli\u011fin en \u00f6nemli g\u00f6stergelerinden biri olan enerji t\u00fcketiminde verimlili\u011fi en \u00fcst seviyelere \u00e7\u0131kararak daha temiz bir d\u00fcnya i\u00e7in t\u00fcm kurum faaliyetlerimizde gayretle \u00e7al\u0131\u015fmaktay\u0131z. Bu ama\u00e7la kurumumuz; Enerji verimlili\u011finin sa\u011flanmas\u0131 ve enerji hedeflerine ula\u015f\u0131labilmesi [&hellip;]<\/p>","protected":false},"author":2,"featured_media":0,"parent":0,"menu_order":0,"comment_status":"closed","ping_status":"closed","template":"","meta":{"footnotes":""},"class_list":["post-9289","page","type-page","status-publish","hentry"],"_links":{"self":[{"href":"https:\/\/basaranhali.com.tr\/ru\/wp-json\/wp\/v2\/pages\/9289","targetHints":{"allow":["GET"]}}],"collection":[{"href":"https:\/\/basaranhali.com.tr\/ru\/wp-json\/wp\/v2\/pages"}],"about":[{"href":"https:\/\/basaranhali.com.tr\/ru\/wp-json\/wp\/v2\/types\/page"}],"author":[{"embeddable":true,"href":"https:\/\/basaranhali.com.tr\/ru\/wp-json\/wp\/v2\/users\/2"}],"replies":[{"embeddable":true,"href":"https:\/\/basaranhali.com.tr\/ru\/wp-json\/wp\/v2\/comments?post=9289"}],"version-history":[{"count":20,"href":"https:\/\/basaranhali.com.tr\/ru\/wp-json\/wp\/v2\/pages\/9289\/revisions"}],"predecessor-version":[{"id":9620,"href":"https:\/\/basaranhali.com.tr\/ru\/wp-json\/wp\/v2\/pages\/9289\/revisions\/9620"}],"wp:attachment":[{"href":"https:\/\/basaranhali.com.tr\/ru\/wp-json\/wp\/v2\/media?parent=9289"}],"curies":[{"name":"wp","href":"https:\/\/api.w.org\/{rel}","templated":true}]}}