{"id":9289,"date":"2025-12-01T13:02:55","date_gmt":"2025-12-01T10:02:55","guid":{"rendered":"https:\/\/basaranhali.com.tr\/?page_id=9289"},"modified":"2025-12-08T17:59:28","modified_gmt":"2025-12-08T14:59:28","slug":"politique-energetique","status":"publish","type":"page","link":"https:\/\/basaranhali.com.tr\/fr\/politique-energetique\/","title":{"rendered":"Politique \u00e9nerg\u00e9tique"},"content":{"rendered":"<div data-elementor-type=\"wp-page\" data-elementor-id=\"9289\" class=\"elementor elementor-9289\">\n\t\t\t\t<div class=\"elementor-element elementor-element-8bfcd7f e-flex e-con-boxed pxl-column-none e-con e-parent\" data-id=\"8bfcd7f\" data-element_type=\"container\">\t\t\t<div class=\"e-con-inner\">\r\n\t\t\t\t<div class=\"elementor-element elementor-element-f69afd2 elementor-widget elementor-widget-pxl_text_editor\" data-id=\"f69afd2\" data-element_type=\"widget\" data-widget_type=\"pxl_text_editor.default\">\n\t\t\t\t<div class=\"elementor-widget-container\">\n\t\t\t\t\t<div class=\"pxl-text-editor\">\n\t<div class=\"pxl-item--inner\" data-wow-delay=\"ms\">\n\t\t<p>BA\u015eARAN HALI TEKST\u0130L SAN. ve T\u0130C. LTD. \u015eT\u0130 croit en la n\u00e9cessit\u00e9 de lutter contre les dommages caus\u00e9s par la pollution humaine \u00e0 la nature et \u00e0 l'environnement. Nous travaillons avec diligence dans toutes nos activit\u00e9s d'entreprise pour un monde plus propre en maximisant l'efficacit\u00e9 de la consommation d'\u00e9nergie, l'un des indicateurs les plus importants du d\u00e9veloppement.<\/p><p>\u00c0 cette fin, notre organisation ;<\/p><ul><li>Il fournit des informations et toutes les ressources n\u00e9cessaires pour garantir l'efficacit\u00e9 \u00e9nerg\u00e9tique et atteindre les objectifs en mati\u00e8re d'\u00e9nergie.<\/li><li>Conforme aux exigences l\u00e9gales et autres en vigueur en mati\u00e8re d'efficacit\u00e9 \u00e9nerg\u00e9tique, d'utilisation de l'\u00e9nergie et de consommation d'\u00e9nergie.<\/li><li>Elle contr\u00f4le la performance \u00e9nerg\u00e9tique en v\u00e9rifiant et en r\u00e9examinant r\u00e9guli\u00e8rement la politique et les pratiques \u00e9nerg\u00e9tiques sur la base du principe de l'am\u00e9lioration continue de notre performance \u00e9nerg\u00e9tique.<\/li><li>Elle utilise des technologies qui donnent la priorit\u00e9 \u00e0 l'efficacit\u00e9 \u00e9nerg\u00e9tique en am\u00e9liorant la performance \u00e9nerg\u00e9tique dans la production de nouveaux produits ou dans la conception de nouveaux processus \u00e0 d\u00e9velopper pour atteindre les cibles et les objectifs \u00e9nerg\u00e9tiques.<\/li><li>Elle favorise les technologies de nouvelle g\u00e9n\u00e9ration qui am\u00e9lioreront notre efficacit\u00e9 \u00e9nerg\u00e9tique et notre performance lors de l'achat de produits, d'\u00e9quipements et de services d\u00e8s le stade de la conception.<\/li><li>Sensibiliser en informant toutes les parties prenantes internes et externes sur l'efficacit\u00e9 \u00e9nerg\u00e9tique.<\/li><\/ul>\t\t\n\t<\/div>\n\t<!-- <\/> -->\n\t\t<\/div>\t\t\t\t<\/div>\n\t\t\t\t<\/div>\n\t\t\t\t\t<\/div>\r\n\t\t\t\t<\/div>\r\n\t\t\t\t<\/div>","protected":false},"excerpt":{"rendered":"<p>BA\u015eARAN HALI TEKST\u0130L SAN. ve T\u0130C. LTD. \u015eT\u0130, insan eliyle yarat\u0131lan kirlili\u011fin tabiata ve \u00e7evreye verdi\u011fi zarar i\u00e7in m\u00fccadelede etmenin gereklili\u011fine inanmaktad\u0131r. Geli\u015fmi\u015fli\u011fin en \u00f6nemli g\u00f6stergelerinden biri olan enerji t\u00fcketiminde verimlili\u011fi en \u00fcst seviyelere \u00e7\u0131kararak daha temiz bir d\u00fcnya i\u00e7in t\u00fcm kurum faaliyetlerimizde gayretle \u00e7al\u0131\u015fmaktay\u0131z. Bu ama\u00e7la kurumumuz; Enerji verimlili\u011finin sa\u011flanmas\u0131 ve enerji hedeflerine ula\u015f\u0131labilmesi [&hellip;]<\/p>","protected":false},"author":2,"featured_media":0,"parent":0,"menu_order":0,"comment_status":"closed","ping_status":"closed","template":"","meta":{"footnotes":""},"class_list":["post-9289","page","type-page","status-publish","hentry"],"_links":{"self":[{"href":"https:\/\/basaranhali.com.tr\/fr\/wp-json\/wp\/v2\/pages\/9289","targetHints":{"allow":["GET"]}}],"collection":[{"href":"https:\/\/basaranhali.com.tr\/fr\/wp-json\/wp\/v2\/pages"}],"about":[{"href":"https:\/\/basaranhali.com.tr\/fr\/wp-json\/wp\/v2\/types\/page"}],"author":[{"embeddable":true,"href":"https:\/\/basaranhali.com.tr\/fr\/wp-json\/wp\/v2\/users\/2"}],"replies":[{"embeddable":true,"href":"https:\/\/basaranhali.com.tr\/fr\/wp-json\/wp\/v2\/comments?post=9289"}],"version-history":[{"count":20,"href":"https:\/\/basaranhali.com.tr\/fr\/wp-json\/wp\/v2\/pages\/9289\/revisions"}],"predecessor-version":[{"id":9620,"href":"https:\/\/basaranhali.com.tr\/fr\/wp-json\/wp\/v2\/pages\/9289\/revisions\/9620"}],"wp:attachment":[{"href":"https:\/\/basaranhali.com.tr\/fr\/wp-json\/wp\/v2\/media?parent=9289"}],"curies":[{"name":"wp","href":"https:\/\/api.w.org\/{rel}","templated":true}]}}