{"id":1760,"date":"2025-05-07T14:53:30","date_gmt":"2025-05-07T14:53:30","guid":{"rendered":"https:\/\/biznax.bravisthemes.com\/?page_id=1760"},"modified":"2025-12-03T16:44:06","modified_gmt":"2025-12-03T13:44:06","slug":"communication","status":"publish","type":"page","link":"https:\/\/basaranhali.com.tr\/fr\/communication\/","title":{"rendered":"Contact"},"content":{"rendered":"<div data-elementor-type=\"wp-page\" data-elementor-id=\"1760\" class=\"elementor elementor-1760\">\n\t\t\t\t<div class=\"elementor-element elementor-element-6a32861 e-flex e-con-boxed pxl-column-none e-con e-parent\" data-id=\"6a32861\" data-element_type=\"container\">\t\t\t<div class=\"e-con-inner\">\r\n\t\t<div class=\"elementor-element elementor-element-22dd4bc e-con-full elementor-hidden-mobile e-flex pxl-column-none e-con e-child\" data-id=\"22dd4bc\" data-element_type=\"container\">\t\t<div class=\"elementor-element elementor-element-42b494a elementor-widget elementor-widget-pxl_image\" data-id=\"42b494a\" data-element_type=\"widget\" data-widget_type=\"pxl_image.default\">\n\t\t\t\t<div class=\"elementor-widget-container\">\n\t\t\t\t\t<div id=\"pxl_image-42b494a-2622\" class=\"pxl-image-single df pxl-disable-parallax-sm pxl-hide-sr-lg\" data-wow-delay=\"ms\"  >\r\n    <div class=\"pxl-item--inner\" data-wow-delay=\"120ms\">\r\n        \r\n                    <div class=\"pxl-item--image df\" data-parallax-value=\"\">\r\n                                <img fetchpriority=\"high\" decoding=\"async\" class=\"no-lazyload no-lazyload\" src=\"https:\/\/basaranhali.com.tr\/wp-content\/uploads\/2025\/12\/contact-554x703.jpg\" width=\"554\" height=\"703\" alt=\"\" title=\"\" \/>                                            <\/div>\r\n                \r\n    <\/div>\r\n<\/div>\t\t\t\t<\/div>\n\t\t\t\t<\/div>\n\t\t\t\t<\/div>\r\n\t\t<div class=\"elementor-element elementor-element-27a574f e-con-full e-flex pxl-column-none e-con e-child\" data-id=\"27a574f\" data-element_type=\"container\"><div class=\"elementor-element elementor-element-dec4cf5 e-con-full e-flex pxl-column-none e-con e-child\" data-id=\"dec4cf5\" data-element_type=\"container\" data-settings=\"{&quot;background_background&quot;:&quot;classic&quot;}\">\t\t<div class=\"elementor-element elementor-element-03171d4 elementor-widget elementor-widget-pxl_heading\" data-id=\"03171d4\" data-element_type=\"widget\" data-widget_type=\"pxl_heading.default\">\n\t\t\t\t<div class=\"elementor-widget-container\">\n\t\t\t\t\t\n<div id=\"pxl-pxl_heading-03171d4-4260\" class=\"pxl-heading px-sub-title-default-style\">\n\t<div class=\"pxl-heading--inner\">\n\t\t\n\t\t<h3 class=\"pxl-item--title style-default  highlight-default\" data-wow-delay=\"ms\">\n\t\t\t\t\t\t\tNous contacter\t\n\t\t\t\t\n\t\t<\/h3>\n\t\t\n\t<\/div>\n<\/div>\t\t\t\t<\/div>\n\t\t\t\t<\/div>\n\t\t\t\t<div class=\"elementor-element elementor-element-7dfafa4 elementor-widget elementor-widget-pxl_contact_form\" data-id=\"7dfafa4\" data-element_type=\"widget\" data-widget_type=\"pxl_contact_form.default\">\n\t\t\t\t<div class=\"elementor-widget-container\">\n\t\t\t\t\t    <div class=\"pxl-contact-form pxl-contact-form1 btn-w-auto\" data-wow-delay=\"ms\">\r\n        \n<div class=\"wpcf7 no-js\" id=\"wpcf7-f1764-o1\" lang=\"en-US\" dir=\"ltr\" data-wpcf7-id=\"1764\">\n<div class=\"screen-reader-response\"><p role=\"status\" aria-live=\"polite\" aria-atomic=\"true\"><\/p> <ul><\/ul><\/div>\n<form action=\"\/fr\/wp-json\/wp\/v2\/pages\/1760#wpcf7-f1764-o1\" method=\"post\" class=\"wpcf7-form init\" aria-label=\"Contact form\" novalidate=\"novalidate\" data-status=\"init\" data-trp-original-action=\"\/fr\/wp-json\/wp\/v2\/pages\/1760#wpcf7-f1764-o1\">\n<fieldset class=\"hidden-fields-container\"><input type=\"hidden\" name=\"_wpcf7\" value=\"1764\" \/><input type=\"hidden\" name=\"_wpcf7_version\" value=\"6.1.4\" \/><input type=\"hidden\" name=\"_wpcf7_locale\" value=\"en_US\" \/><input type=\"hidden\" name=\"_wpcf7_unit_tag\" value=\"wpcf7-f1764-o1\" \/><input type=\"hidden\" name=\"_wpcf7_container_post\" value=\"0\" \/><input type=\"hidden\" name=\"_wpcf7_posted_data_hash\" value=\"\" \/>\n<\/fieldset>\n<div class=\"wrap-ctf-contact\">\n\t<div class=\"input-filled\">\n\t\t<p><span class=\"wpcf7-form-control-wrap your-name add-border\"><span class=\"wpcf7-form-control-wrap\" data-name=\"your-name\"><input size=\"40\" maxlength=\"400\" class=\"wpcf7-form-control wpcf7-text wpcf7-validates-as-required\" aria-required=\"true\" aria-invalid=\"false\" placeholder=\"Nom Nom de famille*\" value=\"\" type=\"text\" name=\"your-name\" \/><\/span><\/span>\n\t\t<\/p>\n\t<\/div>\n\t<div class=\"input-filled\">\n\t\t<p><span class=\"wpcf7-form-control-wrap your-email add-border\"><span class=\"wpcf7-form-control-wrap\" data-name=\"your-email\"><input size=\"40\" maxlength=\"400\" class=\"wpcf7-form-control wpcf7-email wpcf7-validates-as-required wpcf7-text wpcf7-validates-as-email\" aria-required=\"true\" aria-invalid=\"false\" placeholder=\"Compte de messagerie*\" value=\"\" type=\"email\" name=\"your-email\" \/><\/span><\/span>\n\t\t<\/p>\n\t<\/div>\n\t<div class=\"input-filled\">\n\t\t<p><span class=\"wpcf7-form-control-wrap your-phone add-border\"><span class=\"wpcf7-form-control-wrap\" data-name=\"your-phone\"><input size=\"40\" maxlength=\"400\" class=\"wpcf7-form-control wpcf7-tel wpcf7-validates-as-required wpcf7-text wpcf7-validates-as-tel\" aria-required=\"true\" aria-invalid=\"false\" placeholder=\"T\u00e9l\u00e9phone\" value=\"\" type=\"tel\" name=\"your-phone\" \/><\/span><\/span>\n\t\t<\/p>\n\t<\/div>\n\t<div class=\"input-filled\">\n\t\t<p><span class=\"wpcf7-form-control-wrap your-message add-border\"><span class=\"wpcf7-form-control-wrap\" data-name=\"your-email\"><textarea cols=\"40\" rows=\"10\" maxlength=\"2000\" class=\"wpcf7-form-control wpcf7-textarea wpcf7-validates-as-required\" aria-required=\"true\" aria-invalid=\"false\" placeholder=\"Votre message...\" name=\"your-email\"><\/textarea><\/span><\/span>\n\t\t<\/p>\n\t<\/div>\n\t<div class=\"input-filled\">\n\t\t<p><span class=\"wpcf7-form-control-wrap policy-checkbox\"><br \/>\n<span class=\"wpcf7-form-control-wrap\" data-name=\"acceptance-kvkk\"><span class=\"wpcf7-form-control wpcf7-acceptance\"><span class=\"wpcf7-list-item\"><label><input type=\"checkbox\" name=\"acceptance-kvkk\" value=\"1\" class=\"policy-checkbox\" aria-invalid=\"false\" \/><span class=\"wpcf7-list-item-label\"><a href=\"\/fr\/kvkk\/\" target=\"_blank\">Protection des donn\u00e9es personnelles et conditions d'utilisation<\/a>\u2019et j'accepte le traitement de mes donn\u00e9es personnelles.<\/span><\/label><\/span><\/span><\/span><br \/>\n<\/span>\n\t\t<\/p>\n\t<\/div>\n\t<p><button type=\"submit\" class=\"wpcf7-submit btn btn-hide-icon\" >Envoyer un message<br \/>\n<svg width=\"12\" height=\"12\" viewbox=\"0 0 12 12\" fill=\"none\" xmlns=\"http:\/\/www.w3.org\/2000\/svg\">\n   <path d=\"M10.0035 3.4083L1.41176 12L0 10.5882L8.59171 1.99654H1.01905V0H12V10.981H10.0035V3.4083Z\" fill=\"white\"\/>\n<\/svg><br \/>\n<\/button>\n\t<\/p>\n<\/div><div class=\"wpcf7-response-output\" aria-hidden=\"true\"><\/div>\n<input type=\"hidden\" name=\"trp-form-language\" value=\"fr\"\/><\/form>\n<\/div>\n    <\/div>\r\n\t\t\t\t<\/div>\n\t\t\t\t<\/div>\n\t\t\t\t<\/div>\r\n\t\t\t\t<\/div>\r\n\t\t\t\t\t<\/div>\r\n\t\t\t\t<\/div>\r\n\t\t<div class=\"elementor-element elementor-element-dc9cddc e-flex e-con-boxed pxl-column-none e-con e-parent\" data-id=\"dc9cddc\" data-element_type=\"container\">\t\t\t<div class=\"e-con-inner\">\r\n\t\t<div class=\"elementor-element elementor-element-cc79c6b e-con-full e-flex pxl-column-none e-con e-child\" data-id=\"cc79c6b\" data-element_type=\"container\">\t\t<div class=\"elementor-element elementor-element-b09e244 elementor-widget elementor-widget-pxl_icon_box\" data-id=\"b09e244\" data-element_type=\"widget\" data-widget_type=\"pxl_icon_box.default\">\n\t\t\t\t<div class=\"elementor-widget-container\">\n\t\t\t\t\t<div class=\"pxl-icon-box pxl-icon-box1 style-2 ani1\" data-wow-delay=\"ms\">\r\n    <div class=\"pxl-item--inner\">\r\n        \r\n                            <div class=\"pxl-item--icon\">\r\n                                    <a href=\"tel:+903423570404\">\r\n                                        <svg xmlns=\"http:\/\/www.w3.org\/2000\/svg\" width=\"50\" height=\"50\" viewbox=\"0 0 50 50\" fill=\"none\"><path d=\"M39.5145 30.9732C38.4909 29.9074 37.2562 29.3375 35.9477 29.3375C34.6497 29.3375 33.4045 29.8968 32.3386 30.9627L29.0039 34.2868C28.7295 34.1391 28.4552 34.0019 28.1914 33.8647C27.8114 33.6747 27.4527 33.4953 27.1466 33.3054C24.023 31.3214 21.1843 28.736 18.4616 25.3907C17.1425 23.7234 16.2561 22.3199 15.6124 20.8952C16.4777 20.1038 17.2797 19.2807 18.0606 18.4892C18.3561 18.1937 18.6516 17.8877 18.9471 17.5922C21.1632 15.3761 21.1632 12.5057 18.9471 10.2896L16.0661 7.40871C15.739 7.08157 15.4013 6.74388 15.0847 6.40619C14.4516 5.75191 13.7867 5.07653 13.1008 4.44336C12.0772 3.43028 10.853 2.89209 9.56559 2.89209C8.27814 2.89209 7.0329 3.43028 5.97762 4.44336C5.96707 4.45391 5.96707 4.45391 5.95651 4.46446L2.36855 8.08409C1.01778 9.43485 0.247425 11.0811 0.0785796 12.9912C-0.174689 16.0726 0.732856 18.943 1.42934 20.8214C3.1389 25.433 5.69269 29.7069 9.50227 34.2868C14.1244 39.8059 19.6858 44.1643 26.0386 47.2351C28.4657 48.3854 31.7055 49.7467 35.3251 49.9789C35.5467 49.9894 35.7788 50 35.9899 50C38.4276 50 40.4749 49.1241 42.0789 47.3829C42.0894 47.3618 42.1105 47.3512 42.1211 47.3301C42.6699 46.6653 43.303 46.0638 43.9678 45.42C44.4216 44.9874 44.8859 44.5336 45.3397 44.0587C46.3845 42.9718 46.9332 41.7054 46.9332 40.4074C46.9332 39.0989 46.3739 37.8431 45.3081 36.7878L39.5145 30.9732ZM43.2925 42.0853C43.2819 42.0853 43.2819 42.0959 43.2925 42.0853C42.8809 42.5286 42.4588 42.9296 42.005 43.3728C41.3191 44.0271 40.6226 44.713 39.9683 45.4834C38.9025 46.6231 37.6467 47.1613 36.0005 47.1613C35.8422 47.1613 35.6733 47.1613 35.515 47.1507C32.3808 46.9502 29.4682 45.7261 27.2838 44.6813C21.3109 41.7899 16.0661 37.6848 11.7078 32.4823C8.10929 28.145 5.70324 24.135 4.10977 19.8294C3.12835 17.2017 2.76955 15.1545 2.92785 13.2233C3.03338 11.9886 3.50825 10.965 4.38414 10.0891L7.98266 6.49061C8.49975 6.00518 9.0485 5.74136 9.58669 5.74136C10.2515 5.74136 10.7897 6.14237 11.1274 6.48006C11.138 6.49061 11.1485 6.50116 11.1591 6.51171C11.8028 7.11323 12.4149 7.73585 13.0586 8.40067C13.3857 8.73836 13.7234 9.07606 14.0611 9.4243L16.942 12.3052C18.0606 13.4238 18.0606 14.458 16.942 15.5766C16.636 15.8826 16.3405 16.1887 16.0345 16.4841C15.148 17.3917 14.3038 18.2359 13.3857 19.059C13.3646 19.0801 13.3435 19.0907 13.3329 19.1118C12.4254 20.0194 12.5943 20.9058 12.7842 21.5073C12.7948 21.539 12.8053 21.5706 12.8159 21.6023C13.5651 23.4174 14.6204 25.1269 16.2244 27.1636L16.235 27.1742C19.1476 30.7621 22.2184 33.5586 25.6059 35.7009C26.0386 35.9753 26.4818 36.1969 26.9039 36.4079C27.2838 36.5979 27.6426 36.7773 27.9486 36.9672C27.9908 36.9883 28.0331 37.02 28.0753 37.0411C28.4341 37.2205 28.7718 37.3049 29.12 37.3049C29.9959 37.3049 30.5446 36.7562 30.724 36.5768L34.3331 32.9677C34.6919 32.6089 35.2618 32.1762 35.9266 32.1762C36.5809 32.1762 37.1191 32.5878 37.4462 32.9466C37.4567 32.9571 37.4567 32.9571 37.4673 32.9677L43.2819 38.7823C44.3689 39.8587 44.3689 40.9667 43.2925 42.0853Z\" fill=\"#20282D\"><\/path><path d=\"M27.0203 11.8936C29.7852 12.358 32.2967 13.6665 34.3018 15.6716C36.3068 17.6766 37.6048 20.1882 38.0797 22.953C38.1958 23.6495 38.7973 24.1349 39.4832 24.1349C39.5676 24.1349 39.6415 24.1244 39.7259 24.1138C40.5068 23.9872 41.0239 23.2485 40.8973 22.4676C40.3274 19.1223 38.7445 16.0726 36.3279 13.656C33.9113 11.2394 30.8615 9.65643 27.5163 9.08658C26.7354 8.95994 26.0072 9.47703 25.8701 10.2474C25.7329 11.0177 26.2394 11.767 27.0203 11.8936Z\" fill=\"#20282D\"><\/path><path d=\"M49.9391 22.0561C48.9999 16.5475 46.4039 11.5349 42.4149 7.5459C38.4259 3.55692 33.4133 0.960922 27.9048 0.0217193C27.1344 -0.115468 26.4062 0.412174 26.2691 1.18253C26.1424 1.96344 26.6595 2.69159 27.4404 2.82878C32.3581 3.66245 36.843 5.99463 40.4099 9.55094C43.9767 13.1178 46.2984 17.6028 47.132 22.5204C47.2481 23.2169 47.8496 23.7023 48.5356 23.7023C48.62 23.7023 48.6939 23.6917 48.7783 23.6812C49.5486 23.5651 50.0763 22.8264 49.9391 22.0561Z\" fill=\"#20282D\"><\/path><\/svg>                                        <\/a>\r\n                            <\/div>\r\n                        <div class=\"pxl-item--meta\">\r\n            <h5 class=\"pxl-item--title el-empty\">\r\n                        T\u00e9l\u00e9phone :                        <\/h5>\r\n            <div class=\"pxl-item--description el-empty\">+90 (342) 357 04 04                <a href=\"tel:+903423570404\"><\/a>\r\n            <\/div>\r\n        <\/div>\r\n    <\/div>\r\n<\/div>\t\t\t\t<\/div>\n\t\t\t\t<\/div>\n\t\t\t\t<\/div>\r\n\t\t<div class=\"elementor-element elementor-element-52c6671 e-con-full e-flex pxl-column-none e-con e-child\" data-id=\"52c6671\" data-element_type=\"container\">\t\t<div class=\"elementor-element elementor-element-2f32cff elementor-widget elementor-widget-pxl_icon_box\" data-id=\"2f32cff\" data-element_type=\"widget\" data-widget_type=\"pxl_icon_box.default\">\n\t\t\t\t<div class=\"elementor-widget-container\">\n\t\t\t\t\t<div class=\"pxl-icon-box pxl-icon-box1 style-2 ani1\" data-wow-delay=\"ms\">\r\n    <div class=\"pxl-item--inner\">\r\n        \r\n                            <div class=\"pxl-item--icon\">\r\n                                    <a href=\"mailto:info@basaranhali.com.tr\">\r\n                                        <svg xmlns=\"http:\/\/www.w3.org\/2000\/svg\" width=\"50\" height=\"38\" viewbox=\"0 0 50 38\" fill=\"none\"><path d=\"M47.2897 0.141357H2.72039C1.21702 0.141357 0 1.35837 0 2.86174V35.1382C0 36.6416 1.21702 37.8586 2.72039 37.8586H47.2795C48.7829 37.8586 49.9999 36.6416 49.9999 35.1382V2.86174C50.0101 1.3686 48.7829 0.141357 47.2897 0.141357ZM46.3182 34.1769H3.68173V3.82309H44.0375L25.2607 19.8795L11.6077 8.20025C10.8304 7.53549 9.67476 7.62754 9.01 8.40479C8.34525 9.18204 8.43729 10.3377 9.21454 11.0025L24.0642 23.7044C24.0846 23.7249 24.1051 23.7351 24.1153 23.7453C24.1358 23.7658 24.1562 23.776 24.1767 23.7965C24.2074 23.8169 24.2483 23.8476 24.2892 23.868C24.2994 23.8783 24.3199 23.8885 24.3301 23.8987C24.3812 23.9294 24.4323 23.9601 24.4937 23.9805C24.5039 23.9908 24.5244 23.9908 24.5346 24.001C24.5755 24.0215 24.6164 24.0317 24.6676 24.0521C24.688 24.0624 24.6983 24.0624 24.7187 24.0726C24.7596 24.0828 24.8005 24.093 24.8414 24.1033C24.8619 24.1033 24.8823 24.1135 24.8926 24.1135C24.9335 24.1237 24.9846 24.1339 25.0255 24.1339C25.046 24.1339 25.0562 24.1339 25.0767 24.1442C25.138 24.1544 25.1994 24.1544 25.2607 24.1544C25.3221 24.1544 25.3835 24.1544 25.4448 24.1442C25.4653 24.1442 25.4755 24.1442 25.496 24.1339C25.5369 24.1237 25.588 24.1237 25.6289 24.1135C25.6494 24.1135 25.6698 24.1033 25.68 24.1033C25.721 24.093 25.7619 24.0828 25.8028 24.0726C25.8232 24.0624 25.8335 24.0624 25.8539 24.0521C25.8948 24.0419 25.9459 24.0215 25.9869 24.001C25.9971 23.9908 26.0175 23.9908 26.0278 23.9805C26.0789 23.9601 26.1403 23.9294 26.1914 23.8987C26.2016 23.8885 26.2221 23.8783 26.2323 23.868C26.2732 23.8476 26.3039 23.8169 26.3448 23.7965C26.3653 23.7862 26.3857 23.7658 26.4062 23.7453C26.4266 23.7351 26.4471 23.7146 26.4573 23.7044L46.3182 6.71733V34.1769Z\" fill=\"#20282D\"><\/path><\/svg>                                        <\/a>\r\n                            <\/div>\r\n                        <div class=\"pxl-item--meta\">\r\n            <h5 class=\"pxl-item--title el-empty\">\r\n                        Courriel :                        <\/h5>\r\n            <div class=\"pxl-item--description el-empty\">info@basaranhali.com.tr                <a href=\"mailto:info@basaranhali.com.tr\"><\/a>\r\n            <\/div>\r\n        <\/div>\r\n    <\/div>\r\n<\/div>\t\t\t\t<\/div>\n\t\t\t\t<\/div>\n\t\t\t\t<\/div>\r\n\t\t<div class=\"elementor-element elementor-element-5c0fa4b e-con-full e-flex pxl-column-none e-con e-child\" data-id=\"5c0fa4b\" data-element_type=\"container\">\t\t<div class=\"elementor-element elementor-element-7eac6cb elementor-widget elementor-widget-pxl_icon_box\" data-id=\"7eac6cb\" data-element_type=\"widget\" data-widget_type=\"pxl_icon_box.default\">\n\t\t\t\t<div class=\"elementor-widget-container\">\n\t\t\t\t\t<div class=\"pxl-icon-box pxl-icon-box1 style-2 ani1\" data-wow-delay=\"ms\">\r\n    <div class=\"pxl-item--inner\">\r\n        \r\n                            <div class=\"pxl-item--icon\">\r\n                                    <a href=\"https:\/\/maps.app.goo.gl\/RGDQ5zXsBCwcXEW96\">\r\n                                        <svg xmlns=\"http:\/\/www.w3.org\/2000\/svg\" width=\"42\" height=\"50\" viewbox=\"0 0 42 50\" fill=\"none\"><path d=\"M20.9854 9.96313C15.2162 9.96313 10.5312 14.6583 10.5312 20.4173C10.5312 26.1763 15.2162 30.8817 20.9854 30.8817C26.7547 30.8817 31.4396 26.1865 31.4396 20.4275C31.4396 14.6685 26.7547 9.96313 20.9854 9.96313ZM20.9854 28.3756C16.5971 28.3756 13.0374 24.8056 13.0374 20.4275C13.0374 16.0495 16.6074 12.4795 20.9854 12.4795C25.3635 12.4795 28.9335 16.0495 28.9335 20.4275C28.9335 24.8056 25.3737 28.3756 20.9854 28.3756Z\" fill=\"#20282D\"><\/path><path d=\"M20.9857 0C20.7504 0 20.5049 0 20.2696 0.0102291C10.1837 0.35802 1.84695 8.19354 0.885413 18.2283C0.701289 20.1719 0.793351 22.1256 1.15137 23.9873C1.15137 23.9873 1.18206 24.2226 1.29458 24.6624C1.60145 26.0434 2.06176 27.3834 2.64482 28.6313C4.72134 33.5516 9.2733 41.1313 19.1546 49.3351C19.6763 49.7647 20.331 50 21.0061 50C21.6812 50 22.3359 49.7647 22.8576 49.3351C32.7287 41.1416 37.2807 33.5516 39.347 28.6723C39.9402 27.3936 40.4006 26.0434 40.7074 24.6727C40.7688 24.4272 40.8097 24.2226 40.8404 24.0282C41.0859 22.7701 41.2087 21.4812 41.2087 20.1923C41.1882 9.06301 32.1252 0 20.9857 0ZM38.3547 23.5986C38.3547 23.6191 38.324 23.793 38.2524 24.1101C37.9762 25.3171 37.5773 26.4935 37.0454 27.6596C35.0712 32.3241 30.734 39.5356 21.2516 47.4018C21.1596 47.4734 21.0675 47.4939 20.9959 47.4939C20.9345 47.4939 20.8322 47.4734 20.7402 47.4018C11.2578 39.5254 6.91037 32.3138 4.92592 27.6187C4.40423 26.4935 4.0053 25.3171 3.72911 24.0998C3.66774 23.8339 3.63705 23.6702 3.62682 23.6191C3.62682 23.5986 3.61659 23.5782 3.61659 23.5577C3.29949 21.8903 3.21766 20.1719 3.38132 18.4738C4.23034 9.68699 11.5237 2.82324 20.3617 2.51637C30.3965 2.16858 38.6821 10.2291 38.6821 20.2025C38.6821 21.3277 38.5695 22.4529 38.3547 23.5986Z\" fill=\"#20282D\"><\/path><\/svg>                                        <\/a>\r\n                            <\/div>\r\n                        <div class=\"pxl-item--meta\">\r\n            <h5 class=\"pxl-item--title el-empty\">\r\n                        Adresse :                        <\/h5>\r\n            <div class=\"pxl-item--description el-empty\">Baspinar (Organis\u00e9) OSB 4th Organised Industrial Zone 83403 Nolu Cadde No:4 Gazi\u0307antep \/ \u015eehi\u0307tkami\u0307l                <a href=\"https:\/\/maps.app.goo.gl\/RGDQ5zXsBCwcXEW96\"><\/a>\r\n            <\/div>\r\n        <\/div>\r\n    <\/div>\r\n<\/div>\t\t\t\t<\/div>\n\t\t\t\t<\/div>\n\t\t\t\t<\/div>\r\n\t\t\t\t\t<\/div>\r\n\t\t\t\t<\/div>\r\n\t\t<div class=\"elementor-element elementor-element-80f898e e-flex e-con-boxed pxl-column-none e-con e-parent\" data-id=\"80f898e\" data-element_type=\"container\">\t\t\t<div class=\"e-con-inner\">\r\n\t\t\t\t<div class=\"elementor-element elementor-element-b397800 elementor-widget elementor-widget-html\" data-id=\"b397800\" data-element_type=\"widget\" data-widget_type=\"html.default\">\n\t\t\t\t\t<iframe src=\"https:\/\/www.google.com\/maps\/embed?pb=!1m18!1m12!1m3!1d3179.6370233269963!2d37.37650159999999!3d37.1613295!2m3!1f0!2f0!3f0!3m2!1i1024!2i768!4f13.1!3m3!1m2!1s0x1531fd5a5da8cb27%3A0xc8df1058a58450b2!2sBa%C5%9Faran%20Hal%C4%B1%20Fabrikasi!5e0!3m2!1sen!2str!4v1763551226292!5m2!1sen!2str\" width=\"600\" height=\"450\" style=\"border:0;\" allowfullscreen=\"\" loading=\"lazy\" referrerpolicy=\"no-referrer-when-downgrade\"><\/iframe>\t\t\t\t<\/div>\n\t\t\t\t\t<\/div>\r\n\t\t\t\t<\/div>\r\n\t\t\t\t<\/div>","protected":false},"excerpt":{"rendered":"<p>Bizimle \u0130leti\u015fime Ge\u00e7in Mesaj\u0131 G\u00f6nder Telefon: +90 (342) 357 04 04 e-Posta: info@basaranhali.com.tr Adres: Ba\u015fp\u0131nar (Organi\u0307ze) OSB 4. Organi\u0307ze Sanayi\u0307 B\u00f6lgesi\u0307 83403 Nolu Cadde No:4 Gazi\u0307antep \/ \u015eehi\u0307tkami\u0307l<\/p>","protected":false},"author":2,"featured_media":0,"parent":0,"menu_order":0,"comment_status":"closed","ping_status":"closed","template":"","meta":{"footnotes":""},"class_list":["post-1760","page","type-page","status-publish","hentry"],"_links":{"self":[{"href":"https:\/\/basaranhali.com.tr\/fr\/wp-json\/wp\/v2\/pages\/1760","targetHints":{"allow":["GET"]}}],"collection":[{"href":"https:\/\/basaranhali.com.tr\/fr\/wp-json\/wp\/v2\/pages"}],"about":[{"href":"https:\/\/basaranhali.com.tr\/fr\/wp-json\/wp\/v2\/types\/page"}],"author":[{"embeddable":true,"href":"https:\/\/basaranhali.com.tr\/fr\/wp-json\/wp\/v2\/users\/2"}],"replies":[{"embeddable":true,"href":"https:\/\/basaranhali.com.tr\/fr\/wp-json\/wp\/v2\/comments?post=1760"}],"version-history":[{"count":28,"href":"https:\/\/basaranhali.com.tr\/fr\/wp-json\/wp\/v2\/pages\/1760\/revisions"}],"predecessor-version":[{"id":9400,"href":"https:\/\/basaranhali.com.tr\/fr\/wp-json\/wp\/v2\/pages\/1760\/revisions\/9400"}],"wp:attachment":[{"href":"https:\/\/basaranhali.com.tr\/fr\/wp-json\/wp\/v2\/media?parent=1760"}],"curies":[{"name":"wp","href":"https:\/\/api.w.org\/{rel}","templated":true}]}}