{"id":9246,"date":"2025-12-01T02:07:02","date_gmt":"2025-11-30T23:07:02","guid":{"rendered":"https:\/\/basaranhali.com.tr\/?page_id=9246"},"modified":"2025-12-08T18:15:01","modified_gmt":"2025-12-08T15:15:01","slug":"mission-vision","status":"publish","type":"page","link":"https:\/\/basaranhali.com.tr\/en\/mission-vision\/","title":{"rendered":"Mission &amp; Vision"},"content":{"rendered":"<div data-elementor-type=\"wp-page\" data-elementor-id=\"9246\" class=\"elementor elementor-9246\">\n\t\t\t\t<div class=\"elementor-element elementor-element-d332520 e-flex e-con-boxed pxl-column-none e-con e-parent\" data-id=\"d332520\" data-element_type=\"container\">\t\t\t<div class=\"e-con-inner\">\r\n\t\t\t\t<div class=\"elementor-element elementor-element-cb8237e elementor-widget elementor-widget-pxl_heading\" data-id=\"cb8237e\" data-element_type=\"widget\" data-widget_type=\"pxl_heading.default\">\n\t\t\t\t<div class=\"elementor-widget-container\">\n\t\t\t\t\t\n<div id=\"pxl-pxl_heading-cb8237e-4621\" class=\"pxl-heading px-sub-title-default-style\">\n\t<div class=\"pxl-heading--inner\">\n\t\t\n\t\t<h3 class=\"pxl-item--title style-default  highlight-default wow fadeInLeft\" data-wow-delay=\"200ms\">\n\t\t\t\t\t\t\tOur Mission\t\n\t\t\t\t\n\t\t<\/h3>\n\t\t\n\t<\/div>\n<\/div>\t\t\t\t<\/div>\n\t\t\t\t<\/div>\n\t\t\t\t<div class=\"elementor-element elementor-element-f09d4da elementor-widget elementor-widget-pxl_text_editor\" data-id=\"f09d4da\" data-element_type=\"widget\" data-widget_type=\"pxl_text_editor.default\">\n\t\t\t\t<div class=\"elementor-widget-container\">\n\t\t\t\t\t<div class=\"pxl-text-editor\">\n\t<div class=\"pxl-item--inner\" data-wow-delay=\"ms\">\n\t\t<p>As Ba\u015faran Hal\u0131, our vision is to become one of the reference brands of the sector that stands out with its leading, reliable and sustainable production approach on a national and international scale. In this direction, by integrating our traditional weaving know-how with modern production technologies, we aim to create a corporate identity that is recognized in global markets with high quality standards and offers innovative and strategic solutions.<\/p><p>In order to increase our international competitiveness, we are committed to continuous improvement in the areas of product design, production efficiency, logistics management and digital transformation, and we aim to steadily increase our brand awareness in global markets.<\/p><p>As a brand that embraces the principles of sustainability, developing environmentally friendly production practices, optimizing resource use and creating long-term value in the sector are key components of our vision.<\/p><p>Achieving a strong position in global supply chains, providing services to our customers at international standards and building a corporate structure that continuously generates added value for our stakeholders are integral parts of our vision.<\/p>\t\t\n\t<\/div>\n\t<!-- <\/> -->\n\t\t<\/div>\t\t\t\t<\/div>\n\t\t\t\t<\/div>\n\t\t\t\t<div class=\"elementor-element elementor-element-7ba0608 elementor-widget elementor-widget-pxl_heading\" data-id=\"7ba0608\" data-element_type=\"widget\" data-widget_type=\"pxl_heading.default\">\n\t\t\t\t<div class=\"elementor-widget-container\">\n\t\t\t\t\t\n<div id=\"pxl-pxl_heading-7ba0608-5676\" class=\"pxl-heading px-sub-title-default-style\">\n\t<div class=\"pxl-heading--inner\">\n\t\t\n\t\t<h3 class=\"pxl-item--title style-default  highlight-default wow fadeInLeft\" data-wow-delay=\"200ms\">\n\t\t\t\t\t\t\tOur Vision\t\n\t\t\t\t\n\t\t<\/h3>\n\t\t\n\t<\/div>\n<\/div>\t\t\t\t<\/div>\n\t\t\t\t<\/div>\n\t\t\t\t<div class=\"elementor-element elementor-element-7c34bb5 elementor-widget elementor-widget-pxl_text_editor\" data-id=\"7c34bb5\" data-element_type=\"widget\" data-widget_type=\"pxl_text_editor.default\">\n\t\t\t\t<div class=\"elementor-widget-container\">\n\t\t\t\t\t<div class=\"pxl-text-editor\">\n\t<div class=\"pxl-item--inner\" data-wow-delay=\"ms\">\n\t\tTo produce high quality, durable and aesthetic carpets by combining traditional weaving culture with modern production techniques. Keeping customer satisfaction at the highest level in every process and providing appropriate and sustainable solutions to expectations. To reinforce the strength of our brand in world markets by continuously increasing export capacity. To create permanent value in the sector with an innovative, environmentally sensitive production approach that actively uses technology.\t\t\n\t<\/div>\n\t<!-- <\/> -->\n\t\t<\/div>\t\t\t\t<\/div>\n\t\t\t\t<\/div>\n\t\t\t\t\t<\/div>\r\n\t\t\t\t<\/div>\r\n\t\t\t\t<\/div>","protected":false},"excerpt":{"rendered":"<p>Misyonumuz Ba\u015faran Hal\u0131 olarak vizyonumuz; sekt\u00f6r\u00fcn ulusal ve uluslararas\u0131 \u00f6l\u00e7ekte lider, g\u00fcvenilir ve s\u00fcrd\u00fcr\u00fclebilir \u00fcretim anlay\u0131\u015f\u0131yla \u00f6ne \u00e7\u0131kan referans markalar\u0131ndan biri olmakt\u0131r. Bu do\u011frultuda, geleneksel dokumac\u0131l\u0131k birikimimizi modern \u00fcretim teknolojileriyle b\u00fct\u00fcnle\u015ftirerek, global pazarlarda y\u00fcksek kalite standartlar\u0131yla tan\u0131nan, yenilik\u00e7i ve stratejik \u00e7\u00f6z\u00fcmler sunan bir kurum kimli\u011fi olu\u015fturmay\u0131 hedefliyoruz. Uluslararas\u0131 rekabet g\u00fcc\u00fcm\u00fcz\u00fc art\u0131rmak ad\u0131na, \u00fcr\u00fcn tasar\u0131m\u0131, \u00fcretim [&hellip;]<\/p>","protected":false},"author":2,"featured_media":0,"parent":0,"menu_order":0,"comment_status":"closed","ping_status":"closed","template":"","meta":{"footnotes":""},"class_list":["post-9246","page","type-page","status-publish","hentry"],"_links":{"self":[{"href":"https:\/\/basaranhali.com.tr\/en\/wp-json\/wp\/v2\/pages\/9246","targetHints":{"allow":["GET"]}}],"collection":[{"href":"https:\/\/basaranhali.com.tr\/en\/wp-json\/wp\/v2\/pages"}],"about":[{"href":"https:\/\/basaranhali.com.tr\/en\/wp-json\/wp\/v2\/types\/page"}],"author":[{"embeddable":true,"href":"https:\/\/basaranhali.com.tr\/en\/wp-json\/wp\/v2\/users\/2"}],"replies":[{"embeddable":true,"href":"https:\/\/basaranhali.com.tr\/en\/wp-json\/wp\/v2\/comments?post=9246"}],"version-history":[{"count":34,"href":"https:\/\/basaranhali.com.tr\/en\/wp-json\/wp\/v2\/pages\/9246\/revisions"}],"predecessor-version":[{"id":9579,"href":"https:\/\/basaranhali.com.tr\/en\/wp-json\/wp\/v2\/pages\/9246\/revisions\/9579"}],"wp:attachment":[{"href":"https:\/\/basaranhali.com.tr\/en\/wp-json\/wp\/v2\/media?parent=9246"}],"curies":[{"name":"wp","href":"https:\/\/api.w.org\/{rel}","templated":true}]}}